{"id":162,"date":"2020-03-20T19:19:59","date_gmt":"2020-03-20T15:19:59","guid":{"rendered":"https:\/\/restonsunis.com\/?page_id=162"},"modified":"2020-04-11T08:10:01","modified_gmt":"2020-04-11T04:10:01","slug":"programme-du-sabbat-21-mars-2020","status":"publish","type":"page","link":"https:\/\/restonsunis.com\/index.php\/programme-du-sabbat-21-mars-2020\/","title":{"rendered":"Programme du 21 mars 2020"},"content":{"rendered":"\n<hr class=\"wp-block-separator\"\/>\n\n\n\n<h3 class=\"has-text-align-center wp-block-heading\">Moment de louange &#8220;La bont\u00e9 de l&#8217;\u00c9ternel&#8221;<\/h3>\n\n\n\n<p class=\"has-text-align-center\">Dur\u00e9e moyenne du moment de louange (temps de pri\u00e8re compris) : 20 minutes<br>Horaire de d\u00e9marrage conseill\u00e9 : 9h10<\/p>\n\n\n\n<figure class=\"wp-block-embed-youtube wp-block-embed is-type-video is-provider-youtube wp-embed-aspect-16-9 wp-has-aspect-ratio\"><div class=\"wp-block-embed__wrapper\">\n<iframe loading=\"lazy\" title=\"Psaume 34\" width=\"770\" height=\"433\" src=\"https:\/\/www.youtube.com\/embed\/vjv1UeTnWls?list=PLHPlvMtb3LGcjZ6SafAANp7YuOUNIVx1p\" frameborder=\"0\" allow=\"accelerometer; autoplay; clipboard-write; encrypted-media; gyroscope; picture-in-picture\" allowfullscreen><\/iframe>\n<\/div><\/figure>\n\n\n\n<h4 class=\"wp-block-heading\">Parole du chant &#8220;Car ta bont\u00e9 vaut mieux que la vie&#8221;<\/h4>\n\n\n\n<p>Car ta bont\u00e9 vaut mieux que la vie, <br>Car ta bont\u00e9 vaut mieux que la vie: <br>Mes l\u00e8vres c\u00e9l\u00e8brent tes louanges, <br>J&#8217;\u00e9l\u00e8verai mes mains en ton nom, <br>Mes l\u00e8vres c\u00e9l\u00e8brent tes louanges, <br>J&#8217;\u00e9l\u00e8verai mes mains en ton nom.<br><br>La\u00ef la\u00ef la\u00ef &#8230;<\/p>\n\n\n\n<p>Les paroles des autres chants sont directement affich\u00e9es sur les vid\u00e9os YouTube.<\/p>\n\n\n\n<hr class=\"wp-block-separator\"\/>\n\n\n\n<h3 class=\"has-text-align-center wp-block-heading\">\u00c9cole du Sabbat<\/h3>\n\n\n\n<div class=\"wp-block-columns is-layout-flex wp-container-core-columns-is-layout-9d6595d7 wp-block-columns-is-layout-flex\">\n<div class=\"wp-block-column is-layout-flow wp-block-column-is-layout-flow\">\n<p>Les classes EDS des adultes, jeunes adultes, Connecte-toi et SMS seront anim\u00e9es par visioconf\u00e9rence.<\/p>\n\n\n\n<div class=\"wp-block-button aligncenter\"><a class=\"wp-block-button__link has-background has-vivid-cyan-blue-background-color\" href=\"https:\/\/restonsunis.com\/index.php\/salons-eds\/\">Salons de discussion<\/a><\/div>\n<\/div>\n\n\n\n<div class=\"wp-block-column is-layout-flow wp-block-column-is-layout-flow\">\n<p>Nous avons de rassembler quelques ressources de l&#8217;\u00c9cole du Sabbat pour les enfants.<\/p>\n\n\n\n<div class=\"wp-block-button aligncenter\"><a class=\"wp-block-button__link has-background has-luminous-vivid-amber-background-color\" href=\"https:\/\/restonsunis.com\/index.php\/ecole-du-sabbat-des-enfants\/\">Ressources<\/a><\/div>\n<\/div>\n<\/div>\n\n\n\n<h3 class=\"has-text-align-center wp-block-heading\">Rapport missionnaire mondial<\/h3>\n\n\n\n<p>En 2000, une \u00e9glise adventiste en Roumanie a d\u00e9gag\u00e9 deux salles pour commencer une \u00e9cole maternelle. \u00c0 pr\u00e9sent, ces deux salles se sont transform\u00e9es en deux b\u00e2timents scolaires pouvant accueillir 200 \u00e9tudiants !<\/p>\n\n\n\n<figure class=\"wp-block-embed-youtube wp-block-embed is-type-video is-provider-youtube wp-embed-aspect-16-9 wp-has-aspect-ratio\"><div class=\"wp-block-embed__wrapper\">\n<iframe loading=\"lazy\" title=\"- L\u2019Ecole qui ne cesse de Grandir\" width=\"770\" height=\"433\" src=\"https:\/\/www.youtube.com\/embed\/iJRlGklhH88?feature=oembed\" frameborder=\"0\" allow=\"accelerometer; autoplay; clipboard-write; encrypted-media; gyroscope; picture-in-picture\" allowfullscreen><\/iframe>\n<\/div><\/figure>\n\n\n\n<hr class=\"wp-block-separator\"\/>\n\n\n\n<h3 class=\"has-text-align-center wp-block-heading\">Pr\u00e9dication<\/h3>\n\n\n\n<figure class=\"wp-block-embed-youtube wp-block-embed is-type-video is-provider-youtube wp-embed-aspect-16-9 wp-has-aspect-ratio wp-embed-aspect-4-3\"><div class=\"wp-block-embed__wrapper\">\n<iframe loading=\"lazy\" title=\"Lever les yeux en haut, 21 mars 2020 - Restons Unis\" width=\"770\" height=\"433\" src=\"https:\/\/www.youtube.com\/embed\/82BTGbHn1mA?feature=oembed\" frameborder=\"0\" allow=\"accelerometer; autoplay; clipboard-write; encrypted-media; gyroscope; picture-in-picture\" allowfullscreen><\/iframe>\n<\/div><\/figure>\n\n\n\n<hr class=\"wp-block-separator\"\/>\n\n\n\n<h3 class=\"has-text-align-center wp-block-heading\">Moment d&#8217;\u00e9dification<\/h3>\n\n\n\n<figure class=\"wp-block-embed-youtube wp-block-embed is-type-video is-provider-youtube wp-embed-aspect-16-9 wp-has-aspect-ratio\"><div class=\"wp-block-embed__wrapper\">\n<iframe loading=\"lazy\" title=\"Rencontre avec le Christ\u00a0: Le brigand sur la croix - Il Est \u00c9crit\" width=\"770\" height=\"433\" src=\"https:\/\/www.youtube.com\/embed\/oSHMbz__gXI?feature=oembed\" frameborder=\"0\" allow=\"accelerometer; autoplay; clipboard-write; encrypted-media; gyroscope; picture-in-picture\" allowfullscreen><\/iframe>\n<\/div><\/figure>\n","protected":false},"excerpt":{"rendered":"<p>Moment de louange &#8220;La bont\u00e9 de l&#8217;\u00c9ternel&#8221; Dur\u00e9e moyenne du moment de louange (temps de pri\u00e8re compris)&hellip;<\/p>\n","protected":false},"author":1,"featured_media":0,"parent":0,"menu_order":0,"comment_status":"closed","ping_status":"closed","template":"","meta":{"footnotes":""},"class_list":["post-162","page","type-page","status-publish","hentry","no-margin"],"_links":{"self":[{"href":"https:\/\/restonsunis.com\/index.php\/wp-json\/wp\/v2\/pages\/162","targetHints":{"allow":["GET"]}}],"collection":[{"href":"https:\/\/restonsunis.com\/index.php\/wp-json\/wp\/v2\/pages"}],"about":[{"href":"https:\/\/restonsunis.com\/index.php\/wp-json\/wp\/v2\/types\/page"}],"author":[{"embeddable":true,"href":"https:\/\/restonsunis.com\/index.php\/wp-json\/wp\/v2\/users\/1"}],"replies":[{"embeddable":true,"href":"https:\/\/restonsunis.com\/index.php\/wp-json\/wp\/v2\/comments?post=162"}],"version-history":[{"count":10,"href":"https:\/\/restonsunis.com\/index.php\/wp-json\/wp\/v2\/pages\/162\/revisions"}],"predecessor-version":[{"id":551,"href":"https:\/\/restonsunis.com\/index.php\/wp-json\/wp\/v2\/pages\/162\/revisions\/551"}],"wp:attachment":[{"href":"https:\/\/restonsunis.com\/index.php\/wp-json\/wp\/v2\/media?parent=162"}],"curies":[{"name":"wp","href":"https:\/\/api.w.org\/{rel}","templated":true}]}}