{"id":453,"date":"2020-04-03T22:06:46","date_gmt":"2020-04-03T18:06:46","guid":{"rendered":"https:\/\/restonsunis.com\/?page_id=453"},"modified":"2020-04-04T08:14:25","modified_gmt":"2020-04-04T04:14:25","slug":"programme-du-4-avril-2020","status":"publish","type":"page","link":"https:\/\/restonsunis.com\/index.php\/programme-du-4-avril-2020\/","title":{"rendered":"Programme du 4 avril 2020"},"content":{"rendered":"\n<p><strong>Horaire de d\u00e9marrage conseill\u00e9 : 9h00<\/strong><br>Dur\u00e9e moyenne du moment de louange et des &#8220;100 jours de pri\u00e8re&#8221; : 30 minutes<\/p>\n\n\n\n<h3 class=\"has-text-align-center wp-block-heading\">Moment de louange<\/h3>\n\n\n\n<figure class=\"wp-block-embed-youtube wp-block-embed is-type-video is-provider-youtube wp-embed-aspect-16-9 wp-has-aspect-ratio\"><div class=\"wp-block-embed__wrapper\">\n<iframe loading=\"lazy\" title=\"Louange du 4 avril 2020\" width=\"770\" height=\"433\" src=\"https:\/\/www.youtube.com\/embed\/videoseries?list=PLHPlvMtb3LGdelVymfUEjWm7OqjgEx9oM\" frameborder=\"0\" allow=\"accelerometer; autoplay; clipboard-write; encrypted-media; gyroscope; picture-in-picture\" allowfullscreen><\/iframe>\n<\/div><\/figure>\n\n\n\n<hr class=\"wp-block-separator\"\/>\n\n\n\n<h3 class=\"has-text-align-center wp-block-heading\">Les 100 jours de pri\u00e8re<\/h3>\n\n\n\n<div class=\"wp-block-buttons aligncenter is-layout-flex wp-block-buttons-is-layout-flex\">\n<div class=\"wp-block-button\"><a class=\"wp-block-button__link has-background has-vivid-green-cyan-background-color\" href=\"https:\/\/restonsunis.com\/index.php\/2020\/04\/03\/jour-9-des-100-jours-de-priere\/\" target=\"_blank\" rel=\"noreferrer noopener\">Objectifs de pri\u00e8re du jour 9<\/a><\/div>\n<\/div>\n\n\n\n<hr class=\"wp-block-separator\"\/>\n\n\n\n<h3 class=\"has-text-align-center wp-block-heading\">Le\u00e7on de l&#8217;Ecole du Sabbat<\/h3>\n\n\n\n<div class=\"wp-block-columns is-layout-flex wp-container-core-columns-is-layout-9d6595d7 wp-block-columns-is-layout-flex\">\n<div class=\"wp-block-column is-layout-flow wp-block-column-is-layout-flow\">\n<p>Les classes EDS des adultes, jeunes adultes, Connecte-toi, SMS, <strong>Mise au Point et En route avec la Bible<\/strong>  seront anim\u00e9es par visioconf\u00e9rence.<\/p>\n\n\n\n<div class=\"wp-block-buttons aligncenter is-layout-flex wp-block-buttons-is-layout-flex\">\n<div class=\"wp-block-button\"><a class=\"wp-block-button__link has-background has-vivid-cyan-blue-background-color\" href=\"https:\/\/restonsunis.com\/index.php\/salons-eds\/\" target=\"_blank\" rel=\"noreferrer noopener\">Salons de discussion<\/a><\/div>\n<\/div>\n<\/div>\n\n\n\n<div class=\"wp-block-column is-layout-flow wp-block-column-is-layout-flow\">\n<p>Nous avons de rassembler quelques ressources de l&#8217;\u00c9cole du Sabbat pour les enfants.<\/p>\n\n\n\n<div class=\"wp-block-buttons aligncenter is-layout-flex wp-block-buttons-is-layout-flex\">\n<div class=\"wp-block-button\"><a class=\"wp-block-button__link has-background has-luminous-vivid-amber-background-color\" href=\"https:\/\/restonsunis.com\/index.php\/ecole-du-sabbat-des-enfants\/\" target=\"_blank\" rel=\"noreferrer noopener\">Ressources pour les enfants<\/a><\/div>\n\n\n\n<div class=\"wp-block-button\"><a class=\"wp-block-button__link\" href=\"https:\/\/restonsunis.com\/index.php\/ecole-du-sabbat-des-adultes\/\" target=\"_blank\" rel=\"noreferrer noopener\">Ressources pour les adultes<\/a><\/div>\n<\/div>\n<\/div>\n<\/div>\n\n\n\n<hr class=\"wp-block-separator\"\/>\n\n\n\n<h3 class=\"has-text-align-center wp-block-heading\">Rapport missionnaire mondiale<\/h3>\n\n\n\n<figure class=\"wp-block-embed-youtube wp-block-embed is-type-video is-provider-youtube wp-embed-aspect-16-9 wp-has-aspect-ratio\"><div class=\"wp-block-embed__wrapper\">\n<iframe loading=\"lazy\" title=\"Avril 4 -  Les adultes vont au camp d\u2019\u00e9t\u00e9\" width=\"770\" height=\"433\" src=\"https:\/\/www.youtube.com\/embed\/oDoLIIBnILo?feature=oembed\" frameborder=\"0\" allow=\"accelerometer; autoplay; clipboard-write; encrypted-media; gyroscope; picture-in-picture\" allowfullscreen><\/iframe>\n<\/div><\/figure>\n\n\n\n<hr class=\"wp-block-separator\"\/>\n\n\n\n<h3 class=\"has-text-align-center wp-block-heading\">Culte d&#8217;adoration<\/h3>\n\n\n\n<figure class=\"wp-block-embed-youtube wp-block-embed is-type-video is-provider-youtube wp-embed-aspect-16-9 wp-has-aspect-ratio\"><div class=\"wp-block-embed__wrapper\">\n<iframe loading=\"lazy\" title=\"Culte du 4 avril\" width=\"770\" height=\"433\" src=\"https:\/\/www.youtube.com\/embed\/NqlsB_nRHAc?feature=oembed\" frameborder=\"0\" allow=\"accelerometer; autoplay; clipboard-write; encrypted-media; gyroscope; picture-in-picture\" allowfullscreen><\/iframe>\n<\/div><\/figure>\n","protected":false},"excerpt":{"rendered":"<p>Horaire de d\u00e9marrage conseill\u00e9 : 9h00Dur\u00e9e moyenne du moment de louange et des &#8220;100 jours de pri\u00e8re&#8221;&hellip;<\/p>\n","protected":false},"author":1,"featured_media":468,"parent":0,"menu_order":0,"comment_status":"closed","ping_status":"closed","template":"","meta":{"footnotes":""},"class_list":["post-453","page","type-page","status-publish","has-post-thumbnail","hentry"],"_links":{"self":[{"href":"https:\/\/restonsunis.com\/index.php\/wp-json\/wp\/v2\/pages\/453","targetHints":{"allow":["GET"]}}],"collection":[{"href":"https:\/\/restonsunis.com\/index.php\/wp-json\/wp\/v2\/pages"}],"about":[{"href":"https:\/\/restonsunis.com\/index.php\/wp-json\/wp\/v2\/types\/page"}],"author":[{"embeddable":true,"href":"https:\/\/restonsunis.com\/index.php\/wp-json\/wp\/v2\/users\/1"}],"replies":[{"embeddable":true,"href":"https:\/\/restonsunis.com\/index.php\/wp-json\/wp\/v2\/comments?post=453"}],"version-history":[{"count":7,"href":"https:\/\/restonsunis.com\/index.php\/wp-json\/wp\/v2\/pages\/453\/revisions"}],"predecessor-version":[{"id":474,"href":"https:\/\/restonsunis.com\/index.php\/wp-json\/wp\/v2\/pages\/453\/revisions\/474"}],"wp:featuredmedia":[{"embeddable":true,"href":"https:\/\/restonsunis.com\/index.php\/wp-json\/wp\/v2\/media\/468"}],"wp:attachment":[{"href":"https:\/\/restonsunis.com\/index.php\/wp-json\/wp\/v2\/media?parent=453"}],"curies":[{"name":"wp","href":"https:\/\/api.w.org\/{rel}","templated":true}]}}