{"id":476,"date":"2020-04-04T18:48:32","date_gmt":"2020-04-04T14:48:32","guid":{"rendered":"https:\/\/restonsunis.com\/?page_id=476"},"modified":"2020-04-15T14:08:36","modified_gmt":"2020-04-15T10:08:36","slug":"appel-a-projet","status":"publish","type":"page","link":"https:\/\/restonsunis.com\/index.php\/appel-a-projet\/","title":{"rendered":"Jeunesse adventiste de La R\u00e9union : Appel \u00e0 projets"},"content":{"rendered":"<p><em><strong>Mise \u00e0 jour du mardi 14 avril 2020 :<\/strong><\/em> Tic-tac ! L&#8217;appel \u00e0 projets fait doucement son chemin&#8230;&nbsp;Les id\u00e9es suivantes ont \u00e9t\u00e9 retenues :<\/p>\n<p><strong>DANS LA CAT\u00c9GORIE ART<\/strong><\/p>\n<ul>\n<li>Cr\u00e9ation d\u2019un groupe de R\u00e9alisation Audiovisuel \u00ab&nbsp;AdventRec&nbsp;\u00bb\n<ul>\n<li>R\u00e9alisation de sitcom,&nbsp;de vid\u00e9os musicales, etc&#8230;<\/li>\n<\/ul>\n<\/li>\n<li>\u00c9dition d\u2019une bande dessin\u00e9e<\/li>\n<\/ul>\n<p><strong>DANS LA CAT\u00c9GORIE LITT\u00c9RATURE<\/strong><\/p>\n<ul>\n<li>\u00c9dition de recueil d\u2019histoires vraies<\/li>\n<li>\u00c9dition d\u2019ouvrage pour les enfants<\/li>\n<li>Constitution d\u2019une \u00e9quipe de traducteurs<\/li>\n<\/ul>\n<p><strong>DANS LA CAT\u00c9GORIE MODE<\/strong><\/p>\n<ul>\n<li>Conception de v\u00eatements et objets promotionnels adventistes<\/li>\n<li>Cr\u00e9ation d\u2019une boutique de mode en ligne<\/li>\n<\/ul>\n<p><strong>DANS LA CAT\u00c9GORIE TECHNOLOGIE<\/strong><\/p>\n<ul>\n<li>Cr\u00e9ation d\u2019une plateforme collaborative d\u2019\u00e9change de ressources chr\u00e9tiennes<\/li>\n<\/ul>\n<p><strong>DANS LA CAT\u00c9GORIE BIEN-\u00caTRE<\/strong><\/p>\n<ul>\n<li>Club NEWSTART\n<ul>\n<li>NEWSTART est un programme du d\u00e9partement de sant\u00e9 de l\u2019\u00e9glise adventiste du septi\u00e8me jour<\/li>\n<\/ul>\n<\/li>\n<li>Le frigo solidaire<\/li>\n<\/ul>\n<p>Si tu veux rejoindre un des projets (\u00e9laboration et\/ou r\u00e9alisation), inscris-toi. Il n&#8217;y aura pas de place pour tout le monde.<\/p>\n\n\n<div class=\"wp-block-file\"><a href=\"https:\/\/restonsunis.com\/wp-content\/uploads\/2020\/04\/Analyse-dun-projet.pdf\">\u2935 Support : Analyse d&#8217;un projet<\/a><a href=\"https:\/\/restonsunis.com\/wp-content\/uploads\/2020\/04\/Analyse-dun-projet.pdf\" class=\"wp-block-file__button\" download>T\u00e9l\u00e9charger<\/a><\/div>\n\n\n\n<div class=\"wp-block-buttons aligncenter is-layout-flex wp-block-buttons-is-layout-flex\">\n<div class=\"wp-block-button\"><a class=\"wp-block-button__link has-background has-luminous-vivid-orange-background-color\" href=\"https:\/\/restonsunis.com\/index.php\/inscription-a-un-groupe-projet\/\">Inscription<\/a><\/div>\n<\/div>\n\n\n\n<hr class=\"wp-block-separator\"\/>\n\n\n<p><em><strong>Mise \u00e0 jour du mercredi 8 avril 2020 :&nbsp;<\/strong><\/em>Tu as eu le temps de m\u00fbrir ton id\u00e9e, il est maintenant temps de pr\u00e9parer ton pitch. Tu peux t\u00e9l\u00e9charger un court document qui t&#8217;aider \u00e0 le r\u00e9diger.<\/p>\n\n\n<div class=\"wp-block-file\"><a href=\"https:\/\/restonsunis.com\/wp-content\/uploads\/2020\/04\/Preparation-Pitch.pdf\">\u2935 Support : Pr\u00e9paration d&#8217;un Pitch<\/a><a href=\"https:\/\/restonsunis.com\/wp-content\/uploads\/2020\/04\/Preparation-Pitch.pdf\" class=\"wp-block-file__button\" download>T\u00e9l\u00e9charger<\/a><\/div>\n\n\n\n<hr class=\"wp-block-separator\"\/>\n\n\n<p><em><strong>Dimanche 5 avril 2020 :&nbsp;<\/strong><\/em><b>Comment vis-tu ton confinement ?<\/b><\/p>\n<p>Il n&#8217;est pas toujours facile de r\u00e9pondre \u00e0 cette question&#8230; Les jours se suivent et se ressemblent de plus en plus.<\/p>\n<p>Tu es peut-\u00eatre \u00e0 court d&#8217;id\u00e9es pour t&#8217;occuper, mais pas \u00e0 court de temps. Alors, utilise-le pour cr\u00e9er, innover, r\u00e9aliser&#8230;<\/p>\n<p><strong>\u2139 Rendez-vous sur notre compte instagram&nbsp;<a href=\"https:\/\/www.instagram.com\/adventistereunion\/\" target=\"_blank\" rel=\"noopener noreferrer\">@adventistereunion<\/a> <\/strong>pour rester inform\u00e9.<\/p>\n\n\n<div class=\"wp-block-file\"><a href=\"https:\/\/restonsunis.com\/wp-content\/uploads\/2020\/04\/Guide-de-lancement.pdf\">\u2935 Guide de lancement<\/a><a href=\"https:\/\/restonsunis.com\/wp-content\/uploads\/2020\/04\/Guide-de-lancement.pdf\" class=\"wp-block-file__button\" download>T\u00e9l\u00e9charger<\/a><\/div>\n\n\n\n<p><\/p>\n","protected":false},"excerpt":{"rendered":"<p>Mise \u00e0 jour du mardi 14 avril 2020 : Tic-tac ! L&#8217;appel \u00e0 projets fait doucement son&hellip;<\/p>\n","protected":false},"author":1,"featured_media":0,"parent":0,"menu_order":0,"comment_status":"closed","ping_status":"closed","template":"","meta":{"footnotes":""},"class_list":["post-476","page","type-page","status-publish","hentry","no-margin"],"_links":{"self":[{"href":"https:\/\/restonsunis.com\/index.php\/wp-json\/wp\/v2\/pages\/476","targetHints":{"allow":["GET"]}}],"collection":[{"href":"https:\/\/restonsunis.com\/index.php\/wp-json\/wp\/v2\/pages"}],"about":[{"href":"https:\/\/restonsunis.com\/index.php\/wp-json\/wp\/v2\/types\/page"}],"author":[{"embeddable":true,"href":"https:\/\/restonsunis.com\/index.php\/wp-json\/wp\/v2\/users\/1"}],"replies":[{"embeddable":true,"href":"https:\/\/restonsunis.com\/index.php\/wp-json\/wp\/v2\/comments?post=476"}],"version-history":[{"count":23,"href":"https:\/\/restonsunis.com\/index.php\/wp-json\/wp\/v2\/pages\/476\/revisions"}],"predecessor-version":[{"id":587,"href":"https:\/\/restonsunis.com\/index.php\/wp-json\/wp\/v2\/pages\/476\/revisions\/587"}],"wp:attachment":[{"href":"https:\/\/restonsunis.com\/index.php\/wp-json\/wp\/v2\/media?parent=476"}],"curies":[{"name":"wp","href":"https:\/\/api.w.org\/{rel}","templated":true}]}}