{"id":590,"date":"2020-04-15T18:29:42","date_gmt":"2020-04-15T14:29:42","guid":{"rendered":"https:\/\/restonsunis.com\/?page_id=590"},"modified":"2020-05-09T07:50:10","modified_gmt":"2020-05-09T03:50:10","slug":"un-jour-une-promesse","status":"publish","type":"page","link":"https:\/\/restonsunis.com\/index.php\/un-jour-une-promesse\/","title":{"rendered":"Un jour, une promesse"},"content":{"rendered":"\n<h4 class=\"wp-block-heading\">Semaine 5 : La libert\u00e9<\/h4>\n\n\n\n<figure class=\"wp-block-embed-youtube wp-block-embed is-type-video is-provider-youtube wp-embed-aspect-16-9 wp-has-aspect-ratio\"><div class=\"wp-block-embed__wrapper\">\n<iframe loading=\"lazy\" title=\"\u00ab\u00a0Un jour, une promesse\u00a0\u00bb: \u00catre libre en J\u00e9sus (Jour 1) Matthieu 11:28\" width=\"770\" height=\"433\" src=\"https:\/\/www.youtube.com\/embed\/_cfxTLGTlRw?feature=oembed\" frameborder=\"0\" allow=\"accelerometer; autoplay; clipboard-write; encrypted-media; gyroscope; picture-in-picture\" allowfullscreen><\/iframe>\n<\/div><\/figure>\n\n\n\n<h4 class=\"wp-block-heading\">Semaine 4 : Comment Dieu r\u00e9pond \u00e0 nos pri\u00e8res ?<\/h4>\n\n\n\n<figure class=\"wp-block-embed-youtube wp-block-embed is-type-video is-provider-youtube wp-embed-aspect-16-9 wp-has-aspect-ratio\"><div class=\"wp-block-embed__wrapper\">\n<iframe loading=\"lazy\" title=\"\u00ab\u00a0Un jour, une promesse\u00a0\u00bb: Quand Dieu nous r\u00e9pond non! Matthieu 7:11 (Jour 1)\" width=\"770\" height=\"433\" src=\"https:\/\/www.youtube.com\/embed\/ih7M6p8gC7o?feature=oembed\" frameborder=\"0\" allow=\"accelerometer; autoplay; clipboard-write; encrypted-media; gyroscope; picture-in-picture\" allowfullscreen><\/iframe>\n<\/div><\/figure>\n\n\n\n<h4 class=\"wp-block-heading\">Semaine 3 : Semaine de t\u00e9moignage<\/h4>\n\n\n\n<figure class=\"wp-block-embed-youtube wp-block-embed is-type-video is-provider-youtube wp-embed-aspect-16-9 wp-has-aspect-ratio\"><div class=\"wp-block-embed__wrapper\">\n<iframe loading=\"lazy\" title=\"\u00ab\u00a0Un jour, une promesse\u00a0\u00bb: (Matthieu 6:33) T\u00e9moignage (Jour 1)\" width=\"770\" height=\"433\" src=\"https:\/\/www.youtube.com\/embed\/5obWoiDTf94?feature=oembed\" frameborder=\"0\" allow=\"accelerometer; autoplay; clipboard-write; encrypted-media; gyroscope; picture-in-picture\" allowfullscreen><\/iframe>\n<\/div><\/figure>\n\n\n\n<h4 class=\"wp-block-heading\">Semaine 2 : Comment ne pas devenir fou pendant cette pand\u00e9mie ?<\/h4>\n\n\n\n<figure class=\"wp-block-embed-youtube wp-block-embed is-type-video is-provider-youtube wp-embed-aspect-16-9 wp-has-aspect-ratio\"><div class=\"wp-block-embed__wrapper\">\n<iframe loading=\"lazy\" title=\"\u00ab\u00a0Un jour, une promesse\u00a0\u00bb: Romains\u202c \u202d8:28\u202c \u202d (Jour1) Dieu est au contr\u00f4le\" width=\"770\" height=\"433\" src=\"https:\/\/www.youtube.com\/embed\/ALpAo0Jq-AA?list=PL5lIeRoAA9JXXrpNGt8x1igYSkinqwQul\" frameborder=\"0\" allow=\"accelerometer; autoplay; clipboard-write; encrypted-media; gyroscope; picture-in-picture\" allowfullscreen><\/iframe>\n<\/div><\/figure>\n\n\n\n<h4 class=\"wp-block-heading\">Semaine 1 : La guerre spirituelle<\/h4>\n\n\n\n<figure class=\"wp-block-embed-youtube wp-block-embed is-type-video is-provider-youtube wp-embed-aspect-16-9 wp-has-aspect-ratio\"><div class=\"wp-block-embed__wrapper\">\n<iframe loading=\"lazy\" title=\"\u00ab\u00a0Un Jour, une promesse\u00a0\u00bb : la guerre spirituelle (Jour1) La foi.\" width=\"770\" height=\"433\" src=\"https:\/\/www.youtube.com\/embed\/CaiXHAZq7og?list=PL5lIeRoAA9JVIZ9CKE3bPtfG9T96_aon2\" frameborder=\"0\" allow=\"accelerometer; autoplay; clipboard-write; encrypted-media; gyroscope; picture-in-picture\" allowfullscreen><\/iframe>\n<\/div><\/figure>\n","protected":false},"excerpt":{"rendered":"<p>Semaine 5 : La libert\u00e9 Semaine 4 : Comment Dieu r\u00e9pond \u00e0 nos pri\u00e8res ? Semaine 3&hellip;<\/p>\n","protected":false},"author":1,"featured_media":0,"parent":0,"menu_order":0,"comment_status":"closed","ping_status":"closed","template":"","meta":{"footnotes":""},"class_list":["post-590","page","type-page","status-publish","hentry","no-margin"],"_links":{"self":[{"href":"https:\/\/restonsunis.com\/index.php\/wp-json\/wp\/v2\/pages\/590","targetHints":{"allow":["GET"]}}],"collection":[{"href":"https:\/\/restonsunis.com\/index.php\/wp-json\/wp\/v2\/pages"}],"about":[{"href":"https:\/\/restonsunis.com\/index.php\/wp-json\/wp\/v2\/types\/page"}],"author":[{"embeddable":true,"href":"https:\/\/restonsunis.com\/index.php\/wp-json\/wp\/v2\/users\/1"}],"replies":[{"embeddable":true,"href":"https:\/\/restonsunis.com\/index.php\/wp-json\/wp\/v2\/comments?post=590"}],"version-history":[{"count":5,"href":"https:\/\/restonsunis.com\/index.php\/wp-json\/wp\/v2\/pages\/590\/revisions"}],"predecessor-version":[{"id":973,"href":"https:\/\/restonsunis.com\/index.php\/wp-json\/wp\/v2\/pages\/590\/revisions\/973"}],"wp:attachment":[{"href":"https:\/\/restonsunis.com\/index.php\/wp-json\/wp\/v2\/media?parent=590"}],"curies":[{"name":"wp","href":"https:\/\/api.w.org\/{rel}","templated":true}]}}