{"id":85,"date":"2020-03-19T10:35:31","date_gmt":"2020-03-19T06:35:31","guid":{"rendered":"https:\/\/adventiste.re\/restonsunis\/?page_id=85"},"modified":"2020-11-09T19:16:17","modified_gmt":"2020-11-09T15:16:17","slug":"ecole-du-sabbat-des-enfants","status":"publish","type":"page","link":"https:\/\/restonsunis.com\/index.php\/ecole-du-sabbat-des-enfants\/","title":{"rendered":"Ecole du Sabbat des enfants"},"content":{"rendered":"\n<h3 class=\"has-text-align-center wp-block-heading\">Les podcasts de Lorena<\/h3>\n\n\n\n<p>Podcasts sur le th\u00e8me de la le\u00e7on de l&#8217;Ecole du Sabbat, pr\u00e9sent\u00e9s par Lorena.<\/p>\n\n\n\n<div class=\"wp-block-columns is-layout-flex wp-container-core-columns-is-layout-9d6595d7 wp-block-columns-is-layout-flex\">\n<div class=\"wp-block-column is-layout-flow wp-block-column-is-layout-flow\">\n<div class=\"wp-block-buttons is-layout-flex wp-block-buttons-is-layout-flex\">\n<div class=\"wp-block-button\"><a class=\"wp-block-button__link has-luminous-vivid-orange-background-color has-background\" href=\"https:\/\/www.gracelink.net\/podcast\" target=\"_blank\" rel=\"noreferrer noopener\">Podcasts &#8220;Lien de la gr\u00e2ce&#8221;<\/a><\/div>\n<\/div>\n<\/div>\n\n\n\n<div class=\"wp-block-column is-layout-flow wp-block-column-is-layout-flow\">\n<div class=\"wp-block-buttons is-layout-flex wp-block-buttons-is-layout-flex\">\n<div class=\"wp-block-button\"><a class=\"wp-block-button__link has-luminous-vivid-amber-background-color has-background\" href=\"https:\/\/www.gracelink.net\/podcast\" target=\"_blank\" rel=\"noreferrer noopener\">Podcast &#8220;Primaires&#8221;<\/a><\/div>\n<\/div>\n<\/div>\n<\/div>\n\n\n\n<!--nextpage-->\n\n\n\n<h3 class=\"has-text-align-center wp-block-heading\">L&#8217;histoire de Tatie Christine<\/h3>\n\n\n\n<figure class=\"wp-block-embed-youtube wp-block-embed is-type-video is-provider-youtube wp-embed-aspect-16-9 wp-has-aspect-ratio\"><div class=\"wp-block-embed__wrapper\">\n<iframe loading=\"lazy\" title=\"L&#039;histoire de Tatie Christine : &quot;Le petit de\u0301jeuner avec Je\u0301sus&quot;\" width=\"770\" height=\"433\" src=\"https:\/\/www.youtube.com\/embed\/7e3Bs3wBlyM?feature=oembed\" frameborder=\"0\" allow=\"accelerometer; autoplay; clipboard-write; encrypted-media; gyroscope; picture-in-picture\" allowfullscreen><\/iframe>\n<\/div><\/figure>\n\n\n\n<h3 class=\"has-text-align-center wp-block-heading\">La femme au puits<\/h3>\n\n\n\n<figure class=\"wp-block-embed-youtube wp-block-embed is-type-video is-provider-youtube wp-embed-aspect-16-9 wp-has-aspect-ratio\"><div class=\"wp-block-embed__wrapper\">\n<iframe loading=\"lazy\" title=\"L&#039;histoire de Tatie Christine : &quot;La femme au puits&quot;\" width=\"770\" height=\"433\" src=\"https:\/\/www.youtube.com\/embed\/frrmwwvenc4?feature=oembed\" frameborder=\"0\" allow=\"accelerometer; autoplay; clipboard-write; encrypted-media; gyroscope; picture-in-picture\" allowfullscreen><\/iframe>\n<\/div><\/figure>\n\n\n\n<figure class=\"wp-block-embed-youtube wp-block-embed is-type-video is-provider-youtube wp-embed-aspect-16-9 wp-has-aspect-ratio\"><div class=\"wp-block-embed__wrapper\">\n<iframe loading=\"lazy\" title=\"Le\u00e7on de l&#039;\u00e9cole du sabbat du Samedi 18 Avril 2020.\" width=\"770\" height=\"433\" src=\"https:\/\/www.youtube.com\/embed\/lbKVpDlr8Po?feature=oembed\" frameborder=\"0\" allow=\"accelerometer; autoplay; clipboard-write; encrypted-media; gyroscope; picture-in-picture\" allowfullscreen><\/iframe>\n<\/div><\/figure>\n\n\n\n<h2 class=\"has-text-align-center wp-block-heading\">\u00c0 la d\u00e9couverte de la Bible<\/h2>\n\n\n\n<h3 class=\"has-text-align-center wp-block-heading\">L&#8217;histoire de Tatie Christine <\/h3>\n\n\n\n<h4 class=\"has-text-align-center wp-block-heading\">Un grosse temp\u00eate (Le\u00e7on 2)<\/h4>\n\n\n\n<figure class=\"wp-block-embed-youtube wp-block-embed is-type-video is-provider-youtube wp-embed-aspect-16-9 wp-has-aspect-ratio\"><div class=\"wp-block-embed__wrapper\">\n<iframe loading=\"lazy\" title=\"L&#039;histoire de Christine et Julie : &quot;Une grosse tempe\u0302te&quot;\" width=\"770\" height=\"433\" src=\"https:\/\/www.youtube.com\/embed\/p0f1VB-BcKU?feature=oembed\" frameborder=\"0\" allow=\"accelerometer; autoplay; clipboard-write; encrypted-media; gyroscope; picture-in-picture\" allowfullscreen><\/iframe>\n<\/div><\/figure>\n\n\n\n<h3 class=\"has-text-align-center wp-block-heading\">Toi d&#8217;abord (Le\u00e7on 1)<\/h3>\n\n\n\n<figure class=\"wp-block-embed-youtube wp-block-embed is-type-video is-provider-youtube wp-embed-aspect-16-9 wp-has-aspect-ratio\"><div class=\"wp-block-embed__wrapper\">\n<iframe loading=\"lazy\" title=\"L&#039;histoire de Christine et Julie : &quot;Toi d&#039;abord&quot;\" width=\"770\" height=\"433\" src=\"https:\/\/www.youtube.com\/embed\/bTizKHapDwQ?feature=oembed\" frameborder=\"0\" allow=\"accelerometer; autoplay; clipboard-write; encrypted-media; gyroscope; picture-in-picture\" allowfullscreen><\/iframe>\n<\/div><\/figure>\n\n\n\n<h4 class=\"has-text-align-center wp-block-heading\">Le b\u00e9b\u00e9 sp\u00e9cial de Sara (Le\u00e7on 12)<\/h4>\n\n\n\n<figure class=\"wp-block-embed-youtube wp-block-embed is-type-video is-provider-youtube wp-embed-aspect-16-9 wp-has-aspect-ratio\"><div class=\"wp-block-embed__wrapper\">\n<iframe loading=\"lazy\" title=\"Le be\u0301be\u0301 spe\u0301cial de Sara, 28 mars 2020\" width=\"770\" height=\"433\" src=\"https:\/\/www.youtube.com\/embed\/Ig53sY9S2x0?feature=oembed\" frameborder=\"0\" allow=\"accelerometer; autoplay; clipboard-write; encrypted-media; gyroscope; picture-in-picture\" allowfullscreen><\/iframe>\n<\/div><\/figure>\n","protected":false},"excerpt":{"rendered":"<p>Les podcasts de Lorena Podcasts sur le th\u00e8me de la le\u00e7on de l&#8217;Ecole du Sabbat, pr\u00e9sent\u00e9s par&hellip;<\/p>\n","protected":false},"author":1,"featured_media":0,"parent":0,"menu_order":0,"comment_status":"closed","ping_status":"closed","template":"","meta":{"footnotes":""},"class_list":["post-85","page","type-page","status-publish","hentry","no-margin"],"_links":{"self":[{"href":"https:\/\/restonsunis.com\/index.php\/wp-json\/wp\/v2\/pages\/85","targetHints":{"allow":["GET"]}}],"collection":[{"href":"https:\/\/restonsunis.com\/index.php\/wp-json\/wp\/v2\/pages"}],"about":[{"href":"https:\/\/restonsunis.com\/index.php\/wp-json\/wp\/v2\/types\/page"}],"author":[{"embeddable":true,"href":"https:\/\/restonsunis.com\/index.php\/wp-json\/wp\/v2\/users\/1"}],"replies":[{"embeddable":true,"href":"https:\/\/restonsunis.com\/index.php\/wp-json\/wp\/v2\/comments?post=85"}],"version-history":[{"count":33,"href":"https:\/\/restonsunis.com\/index.php\/wp-json\/wp\/v2\/pages\/85\/revisions"}],"predecessor-version":[{"id":3568,"href":"https:\/\/restonsunis.com\/index.php\/wp-json\/wp\/v2\/pages\/85\/revisions\/3568"}],"wp:attachment":[{"href":"https:\/\/restonsunis.com\/index.php\/wp-json\/wp\/v2\/media?parent=85"}],"curies":[{"name":"wp","href":"https:\/\/api.w.org\/{rel}","templated":true}]}}