{"id":899,"date":"2020-05-01T19:51:37","date_gmt":"2020-05-01T15:51:37","guid":{"rendered":"https:\/\/restonsunis.com\/?page_id=899"},"modified":"2020-05-02T15:32:41","modified_gmt":"2020-05-02T11:32:41","slug":"programme-du-2-mai-2020","status":"publish","type":"page","link":"https:\/\/restonsunis.com\/index.php\/programme-du-2-mai-2020\/","title":{"rendered":"Programme du 2 mai 2020"},"content":{"rendered":"\n<h3 class=\"has-text-align-center wp-block-heading\">Message pour la fin de sabbat<\/h3>\n\n\n\n<figure class=\"wp-block-embed-youtube wp-block-embed is-type-video is-provider-youtube wp-embed-aspect-16-9 wp-has-aspect-ratio\"><div class=\"wp-block-embed__wrapper\">\n<iframe loading=\"lazy\" title=\"Veux-tu \u00eatre gu\u00e9ri ?\" width=\"770\" height=\"433\" src=\"https:\/\/www.youtube.com\/embed\/DCLyC4UyBxc?feature=oembed\" frameborder=\"0\" allow=\"accelerometer; autoplay; clipboard-write; encrypted-media; gyroscope; picture-in-picture\" allowfullscreen><\/iframe>\n<\/div><\/figure>\n\n\n\n<h3 class=\"has-text-align-center wp-block-heading\">Moment de louange<\/h3>\n\n\n\n<p><strong>Horaire de d\u00e9marrage conseill\u00e9 : 9h00<\/strong><\/p>\n\n\n\n<figure class=\"wp-block-embed-youtube wp-block-embed is-type-video is-provider-youtube wp-embed-aspect-16-9 wp-has-aspect-ratio\"><div class=\"wp-block-embed__wrapper\">\n<iframe loading=\"lazy\" title=\"Louange du 2 mai 2020\" width=\"770\" height=\"433\" src=\"https:\/\/www.youtube.com\/embed\/videoseries?list=PLHPlvMtb3LGftoVOwcueG-KCjPl-I9cMU\" frameborder=\"0\" allow=\"accelerometer; autoplay; clipboard-write; encrypted-media; gyroscope; picture-in-picture\" allowfullscreen><\/iframe>\n<\/div><\/figure>\n\n\n\n<h3 class=\"has-text-align-center wp-block-heading\">100 jours de pri\u00e8re<\/h3>\n\n\n\n<div class=\"wp-block-buttons aligncenter is-layout-flex wp-block-buttons-is-layout-flex\">\n<div class=\"wp-block-button\"><a class=\"wp-block-button__link has-background has-vivid-green-cyan-background-color\" href=\"https:\/\/restonsunis.com\/index.php\/2020\/05\/02\/jour-37-des-100-jours-de-priere\/\" target=\"_blank\" rel=\"noreferrer noopener\">Sujets de pri\u00e8re du 2 mai 2020<\/a><\/div>\n<\/div>\n\n\n\n<h3 class=\"has-text-align-center wp-block-heading\">Le\u00e7on EDS<\/h3>\n\n\n\n<div class=\"wp-block-columns is-layout-flex wp-container-core-columns-is-layout-9d6595d7 wp-block-columns-is-layout-flex\">\n<div class=\"wp-block-column is-layout-flow wp-block-column-is-layout-flow\">\n<p>Les classes EDS des adultes, jeunes adultes, Connecte-toi, SMS,&nbsp;<strong>Mise au Point et En route avec la Bible<\/strong>&nbsp;seront anim\u00e9es par visioconf\u00e9rence.<\/p>\n\n\n\n<div class=\"wp-block-buttons is-layout-flex wp-block-buttons-is-layout-flex\">\n<div class=\"wp-block-button\"><a class=\"wp-block-button__link has-background has-vivid-cyan-blue-background-color\" href=\"https:\/\/restonsunis.com\/index.php\/salons-eds\/\" target=\"_blank\" rel=\"noreferrer noopener\">Salons de discussion<\/a><\/div>\n<\/div>\n<\/div>\n\n\n\n<div class=\"wp-block-column is-layout-flow wp-block-column-is-layout-flow\">\n<p>Nous avons de rassembler quelques ressources de l\u2019\u00c9cole du Sabbat notamment pour les enfants.<\/p>\n\n\n\n<div class=\"wp-block-buttons is-layout-flex wp-block-buttons-is-layout-flex\">\n<div class=\"wp-block-button\"><a class=\"wp-block-button__link has-background has-luminous-vivid-amber-background-color\" href=\"https:\/\/restonsunis.com\/index.php\/ecole-du-sabbat-des-enfants\/\" target=\"_blank\" rel=\"noreferrer noopener\">Ressources pour les enfants<\/a><\/div>\n\n\n\n<div class=\"wp-block-button\"><a class=\"wp-block-button__link has-background has-very-dark-gray-background-color\" href=\"https:\/\/restonsunis.com\/index.php\/ecole-du-sabbat-des-adultes\/\" target=\"_blank\" rel=\"noreferrer noopener\">Ressources pour les adultes<\/a><\/div>\n<\/div>\n<\/div>\n<\/div>\n\n\n\n<h3 class=\"has-text-align-center wp-block-heading\">Rapport missionnaire mondial<\/h3>\n\n\n\n<figure class=\"wp-block-embed-youtube wp-block-embed is-type-video is-provider-youtube wp-embed-aspect-4-3 wp-has-aspect-ratio wp-embed-aspect-16-9\"><div class=\"wp-block-embed__wrapper\">\n<iframe loading=\"lazy\" title=\"Mai 2 - L\u2019histoire de Tisholavo\" width=\"770\" height=\"433\" src=\"https:\/\/www.youtube.com\/embed\/8-9MeaLnepw?feature=oembed\" frameborder=\"0\" allow=\"accelerometer; autoplay; clipboard-write; encrypted-media; gyroscope; picture-in-picture\" allowfullscreen><\/iframe>\n<\/div><\/figure>\n\n\n\n<hr class=\"wp-block-separator\"\/>\n\n\n\n<h3 class=\"has-text-align-center wp-block-heading\">Pr\u00e9dications<\/h3>\n\n\n\n<h4 class=\"has-text-align-center wp-block-heading\">Pour les enfants (6-12 ans)<\/h4>\n\n\n\n<figure class=\"wp-block-embed-youtube wp-block-embed is-type-video is-provider-youtube wp-embed-aspect-16-9 wp-has-aspect-ratio\"><div class=\"wp-block-embed__wrapper\">\n<iframe loading=\"lazy\" title=\"#4 PRENDS SOIN DE TOI !  [Culte enfants] Sabbat 02 MAI 2020\" width=\"770\" height=\"433\" src=\"https:\/\/www.youtube.com\/embed\/FkiM05tM3Ew?feature=oembed\" frameborder=\"0\" allow=\"accelerometer; autoplay; clipboard-write; encrypted-media; gyroscope; picture-in-picture\" allowfullscreen><\/iframe>\n<\/div><\/figure>\n\n\n\n<h4 class=\"has-text-align-center wp-block-heading\">Culte d&#8217;adoration (Jeunes et adultes)<\/h4>\n\n\n\n<figure class=\"wp-block-embed-youtube wp-block-embed is-type-video is-provider-youtube wp-embed-aspect-4-3 wp-has-aspect-ratio wp-embed-aspect-16-9\"><div class=\"wp-block-embed__wrapper\">\n<iframe loading=\"lazy\" title=\"Culte d&#039;adoration du 2 mai 2020\" width=\"770\" height=\"433\" src=\"https:\/\/www.youtube.com\/embed\/1DSjwFHOsqo?feature=oembed\" frameborder=\"0\" allow=\"accelerometer; autoplay; clipboard-write; encrypted-media; gyroscope; picture-in-picture\" allowfullscreen><\/iframe>\n<\/div><\/figure>\n\n\n\n<hr class=\"wp-block-separator\"\/>\n\n\n\n<h3 class=\"has-text-align-center wp-block-heading\">Programme Aventuriers<\/h3>\n\n\n\n<p>Ce programme est compos\u00e9 d&#8217;une histoire et d&#8217;une activit\u00e9 manuelle. N&#8217;oubliez pas que vous pouvez mettre la vid\u00e9o en pause et revenir en arri\u00e8re.<br><strong>Le programme d\u00e9butera \u00e0 14h30.<\/strong><\/p>\n\n\n\n<figure class=\"wp-block-embed-youtube wp-block-embed is-type-video is-provider-youtube wp-embed-aspect-16-9 wp-has-aspect-ratio\"><div class=\"wp-block-embed__wrapper\">\n<iframe loading=\"lazy\" title=\"Aventuriers, Jonas et la Gr\u00e2ce\" width=\"770\" height=\"433\" src=\"https:\/\/www.youtube.com\/embed\/0HPyVD1cAsA?feature=oembed\" frameborder=\"0\" allow=\"accelerometer; autoplay; clipboard-write; encrypted-media; gyroscope; picture-in-picture\" allowfullscreen><\/iframe>\n<\/div><\/figure>\n\n\n\n<h2 class=\"has-text-align-center wp-block-heading\">Jeu Biblique pour les Explorateurs<\/h2>\n\n\n\n<div class=\"wp-block-buttons aligncenter is-layout-flex wp-block-buttons-is-layout-flex\">\n<div class=\"wp-block-button\"><a class=\"wp-block-button__link has-background has-vivid-red-background-color\" href=\"https:\/\/meet.google.com\/rtb-aswk-ywo\" target=\"_blank\" rel=\"noreferrer noopener\">Rejoignez les explos sur le salon Bichique<\/a><\/div>\n<\/div>\n\n\n\n<p><\/p>\n","protected":false},"excerpt":{"rendered":"<p>Message pour la fin de sabbat Moment de louange Horaire de d\u00e9marrage conseill\u00e9 : 9h00 100 jours&hellip;<\/p>\n","protected":false},"author":1,"featured_media":0,"parent":0,"menu_order":0,"comment_status":"closed","ping_status":"closed","template":"","meta":{"footnotes":""},"class_list":["post-899","page","type-page","status-publish","hentry","no-margin"],"_links":{"self":[{"href":"https:\/\/restonsunis.com\/index.php\/wp-json\/wp\/v2\/pages\/899","targetHints":{"allow":["GET"]}}],"collection":[{"href":"https:\/\/restonsunis.com\/index.php\/wp-json\/wp\/v2\/pages"}],"about":[{"href":"https:\/\/restonsunis.com\/index.php\/wp-json\/wp\/v2\/types\/page"}],"author":[{"embeddable":true,"href":"https:\/\/restonsunis.com\/index.php\/wp-json\/wp\/v2\/users\/1"}],"replies":[{"embeddable":true,"href":"https:\/\/restonsunis.com\/index.php\/wp-json\/wp\/v2\/comments?post=899"}],"version-history":[{"count":12,"href":"https:\/\/restonsunis.com\/index.php\/wp-json\/wp\/v2\/pages\/899\/revisions"}],"predecessor-version":[{"id":923,"href":"https:\/\/restonsunis.com\/index.php\/wp-json\/wp\/v2\/pages\/899\/revisions\/923"}],"wp:attachment":[{"href":"https:\/\/restonsunis.com\/index.php\/wp-json\/wp\/v2\/media?parent=899"}],"curies":[{"name":"wp","href":"https:\/\/api.w.org\/{rel}","templated":true}]}}